{"id":3,"date":"2023-01-10T20:03:44","date_gmt":"2023-01-10T17:03:44","guid":{"rendered":"https:\/\/www.iqtech.at\/introduce\/?page_id=3"},"modified":"2025-03-07T15:54:50","modified_gmt":"2025-03-07T12:54:50","slug":"privacy-policy","status":"publish","type":"page","link":"https:\/\/www.iqtech.at\/introduce\/privacy-policy\/","title":{"rendered":""},"content":{"rendered":"\n<h3 class=\"wp-block-heading\"><strong>Informationen zum Unternehmen gem\u00e4\u00df \u00a7 5 E-Commerce Gesetz (ECG) und \u00a7 25 Mediengesetz:<\/strong><\/h3>\n\n\n\n<p>Verantwortlich f\u00fcr den Inhalt: IQ Data Solutions GmbH<br>Gesellschafter-Gesch\u00e4ftsf\u00fchrer: Mag Roland Kamitz<\/p>\n\n\n\n<p>Unternehmensgegenstand: IT-Beratung im Bereich BMD<\/p>\n\n\n\n<h3 class=\"wp-block-heading\"><strong>Adresse:<\/strong><\/h3>\n\n\n\n<p>IQ Data Solutions GmbH<br>S\u00fcdtirolergasse 78<br>2340 M\u00f6dling<\/p>\n\n\n\n<h3 class=\"wp-block-heading\"><strong>Kontakt:<\/strong><\/h3>\n\n\n\n<p>Telefon: +43 664 124 31 46<br>Email: <a href=\"mailto:office@intelliq.at\" target=\"_blank\" rel=\"noreferrer noopener\">office@intelliq.at<\/a><\/p>\n\n\n\n<p>Firmenbuchnummer: FN 460670 g | UID ATU71684359<br>Kammer: Mitglied der Wirtschaftskammer Nieder\u00f6sterreich<br>Fachgruppe: Unternehmensberatung und Informationstechnologie<\/p>\n\n\n\n<h3 class=\"wp-block-heading\"><strong>Datenschutz Hinweis:<\/strong><\/h3>\n\n\n\n<p>Diese Website benutzt Google Analytics, einen Webanalysedienst der Google Inc. (\u201eGoogle\u201d) Google Analytics verwendet sog. \u201eCookies\u201d, Textdateien, die auf Ihrem Computer gespeichert werden und die eine Analyse der Benutzung der Website durch Sie erm\u00f6glicht. Die durch den Cookie erzeugten Informationen \u00fcber Ihre Benutzung diese Website (einschlie\u00dflich Ihrer IP-Adresse) wird an einen Server von Google in den USA \u00fcbertragen und dort gespeichert. Google wird diese Informationen benutzen, um Ihre Nutzung der Website auszuwerten, um Reports \u00fcber die Websiteaktivit\u00e4ten f\u00fcr die Websitebetreiber zusammenzustellen und um weitere mit der Websitenutzung und der Internetnutzung verbundene Dienstleistungen zu erbringen. Auch wird Google diese Informationen gegebenenfalls an Dritte \u00fcbertragen, sofern dies gesetzlich vorgeschrieben oder soweit Dritte diese Daten im Auftrag von Google verarbeiten. Google wird in keinem Fall Ihre IP-Adresse mit anderen Daten der Google in Verbindung bringen. Sie k\u00f6nnen die Installation der Cookies durch eine entsprechende Einstellung Ihrer Browser Software verhindern; wir weisen Sie jedoch darauf hin, dass Sie in diesem Fall gegebenenfalls nicht s\u00e4mtliche Funktionen dieser Website voll umf\u00e4nglich nutzen k\u00f6nnen. Durch die Nutzung dieser Website erkl\u00e4ren Sie sich mit der Bearbeitung der \u00fcber Sie erhobenen Daten durch Google in der zuvor beschriebenen Art und Weise und zu dem zuvor benannten Zweck einverstanden.<br>Weitere Informationen \u00fcber die Datenschutzbestimmungen von Google finden Sie auf der Webseite von&nbsp;<a href=\"https:\/\/support.google.com\/analytics\/answer\/6004245?hl=de\" target=\"_blank\" rel=\"noreferrer noopener\">Google Analytics<\/a><\/p>\n\n\n\n<h3 class=\"wp-block-heading\"><strong>Rechtshinweis:<\/strong><\/h3>\n\n\n\n<p>Die Informationen im Internetauftritt von&nbsp;<em>IQ Data Solutions GmbH&nbsp;<\/em>werden laufend gepr\u00fcft und aktualisiert. Dennoch kann es zu unbeabsichtigt fehlerhaften Darstellungen kommen. Eine Haftung oder Garantie f\u00fcr die Aktualit\u00e4t, Richtigkeit und Vollst\u00e4ndigkeit der zur Verf\u00fcgung gestellten Informationen kann daher nicht \u00fcbernommen werden.<\/p>\n\n\n\n<p>Alle Entscheidungen, die auf den im Internetauftritt von&nbsp;<em>IQ Data Solutions GmbH&nbsp;<\/em>dargestellten Informationen beruhen, liegen einzig und allein im Verantwortungsbereich des Benutzers.&nbsp;<em>IQ Data Solutions GmbH&nbsp;l<\/em>ehnt jegliche Haftung f\u00fcr unmittelbare, konkrete oder sonstige Sch\u00e4den, die im Zusammenhang mit diesen Informationen entstehen, ab.<br><br>Inhalt und Struktur der&nbsp;<em>IQ Data Solutions GmbH<\/em>&nbsp;Website ist urheberrechtlich gesch\u00fctzt. Die Vervielf\u00e4ltigung von Informationen oder Daten, insbesondere die Verwendung von Texten, Textteilen oder Bildmaterial bedarf der vorherigen Zustimmung von&nbsp;IQ Data Solutions GmbH<em>.<\/em><\/p>\n\n\n\n<a href=\"https:\/\/www.iqtech.at\/introduce\" class=\"button button--transparent button--color-dark\">\n                            <span>Zur\u00fcck zur Startseite<\/span>\n                        <\/a>\n","protected":false},"excerpt":{"rendered":"<p>Informationen zum Unternehmen gem\u00e4\u00df \u00a7 5 E-Commerce Gesetz (ECG) und \u00a7 25 Mediengesetz: Verantwortlich f\u00fcr den Inhalt: IQ Data Solutions GmbHGesellschafter-Gesch\u00e4ftsf\u00fchrer: Mag Roland Kamitz Unternehmensgegenstand: IT-Beratung im Bereich BMD Adresse: IQ Data Solutions GmbHS\u00fcdtirolergasse 782340 M\u00f6dling Kontakt: Telefon: +43 664 124 31 46Email: office@intelliq.at Firmenbuchnummer: FN 460670 g | UID ATU71684359Kammer: Mitglied der Wirtschaftskammer Nieder\u00f6sterreichFachgruppe: [&hellip;]<\/p>\n","protected":false},"author":1,"featured_media":0,"parent":0,"menu_order":0,"comment_status":"closed","ping_status":"open","template":"template-impressum-page.php","meta":{"footnotes":""},"class_list":["post-3","page","type-page","status-publish","hentry"],"_links":{"self":[{"href":"https:\/\/www.iqtech.at\/introduce\/wp-json\/wp\/v2\/pages\/3","targetHints":{"allow":["GET"]}}],"collection":[{"href":"https:\/\/www.iqtech.at\/introduce\/wp-json\/wp\/v2\/pages"}],"about":[{"href":"https:\/\/www.iqtech.at\/introduce\/wp-json\/wp\/v2\/types\/page"}],"author":[{"embeddable":true,"href":"https:\/\/www.iqtech.at\/introduce\/wp-json\/wp\/v2\/users\/1"}],"replies":[{"embeddable":true,"href":"https:\/\/www.iqtech.at\/introduce\/wp-json\/wp\/v2\/comments?post=3"}],"version-history":[{"count":3,"href":"https:\/\/www.iqtech.at\/introduce\/wp-json\/wp\/v2\/pages\/3\/revisions"}],"predecessor-version":[{"id":17,"href":"https:\/\/www.iqtech.at\/introduce\/wp-json\/wp\/v2\/pages\/3\/revisions\/17"}],"wp:attachment":[{"href":"https:\/\/www.iqtech.at\/introduce\/wp-json\/wp\/v2\/media?parent=3"}],"curies":[{"name":"wp","href":"https:\/\/api.w.org\/{rel}","templated":true}]}}